{"id":7,"date":"2020-04-23T17:17:51","date_gmt":"2020-04-23T14:17:51","guid":{"rendered":"https:\/\/www.brilho.fi\/?page_id=7"},"modified":"2020-06-04T16:49:50","modified_gmt":"2020-06-04T13:49:50","slug":"tietoja","status":"publish","type":"page","link":"https:\/\/www.brilho.fi\/?page_id=7","title":{"rendered":"Matka urheilusponsoroinnin maailmaan"},"content":{"rendered":"\n<p>Oma historiani kaupallisten opintojen j\u00e4lkeen on sis\u00e4lt\u00e4nyt runsaasti t\u00f6it\u00e4 viihde- ja tapahtumabisneksen teht\u00e4viss\u00e4. Nuorena reilu parikymppisen\u00e4 olin intohimoinen tenniksen pelaaja ja kiersin useita vuosia kansallisia pikkukisoja ymp\u00e4ri Etel\u00e4-Suomen. Verkostot kasvoivat ja kun sain toisen pelimiehen kanssa mahdollisuuden ottaa mailapeleihin erikoistuneen yrityksen Suomen maahantuonti haltuun, niin tuli ensimm\u00e4isen kerran yhdistetty\u00e4 oma harrastus ja ty\u00f6t. Muutama vuosi tehtiin opintojen ohessa t\u00f6it\u00e4 ja opittiin bisnest\u00e4 ja el\u00e4m\u00e4\u00e4 laajemminkin.<\/p>\n\n\n\n<p>Myyty\u00e4ni osuuteni maahantuontifirmasta toimin muutaman vuoden sekalasissa myyntiteht\u00e4viss\u00e4 eri aloilla. Aktiivisen nuorkauppakamaritoiminnan kautta verkostot taas kasvoivat rutkasti. Oma ala l\u00f6ytyi j\u00e4lleen vapaa-ajanbisneksist\u00e4, nyt tapahtumatekniikan parista. Muutama vuosi ensin markkinointip\u00e4\u00e4llikk\u00f6n\u00e4 Pro-Tuotanto nimisess\u00e4 TV-tuotantofirmassa, joka vuokrasi isoa LED-screeni\u00e4 tapahtumaj\u00e4rjest\u00e4jille.<\/p>\n\n\n\n<figure class=\"wp-block-image size-full is-style-default\"><img decoding=\"async\" loading=\"lazy\" width=\"850\" height=\"600\" src=\"https:\/\/www.brilho.fi\/wp-content\/uploads\/2020\/06\/00screen.jpg\" alt=\"\" class=\"wp-image-154\" srcset=\"https:\/\/www.brilho.fi\/wp-content\/uploads\/2020\/06\/00screen.jpg 850w, https:\/\/www.brilho.fi\/wp-content\/uploads\/2020\/06\/00screen-300x212.jpg 300w, https:\/\/www.brilho.fi\/wp-content\/uploads\/2020\/06\/00screen-768x542.jpg 768w\" sizes=\"(max-width: 850px) 100vw, 850px\" \/><\/figure>\n\n\n\n<p>Kun Eppu Normaali vuonna 2003 perusti AV-alan verkoston Akun Tehtaan Yl\u00f6j\u00e4rvelle, l\u00e4hdimme innokkaasti mukaan t\u00e4h\u00e4n noin 15 yrityksen kotiin. Jo alle vuoden p\u00e4\u00e4st\u00e4 avajaisista totesimme Akun ja muiden kumppaneiden kanssa, ett\u00e4 LED-screeneille on selke\u00e4 tilaus tapahtumissa, joten t\u00e4h\u00e4n kannattaa panostaa ja tarjota monipuolisia alan palveluita tapahtumaj\u00e4rjest\u00e4jille. Pro-Tuotanto l\u00e4hti omistajavaihdoksen j\u00e4lkeen muille maille, joten perustimme Screen Factory Oy:n. Kymmenkunta vuotta kiersimme Suomessa ja naapurimaissa. Euroviisut, Pori Jazzit, Ruisrockit, yleisurheilun MM-kisat ja monet muut suuret ja pienet tapahtumat tulivat tutuiksi. Hienoja kokemuksia ja monenlaisia sattumuksia. It\u00e4rajan takanakin k\u00e4ytiin, mutta ei siit\u00e4 sen enemp\u00e4\u00e4. Huh huh! Screen Factoryn toiminta siirtyi liiketoimintakaupan my\u00f6t\u00e4 Eppujen tyt\u00e4ryhti\u00f6lle ja itse ajattelin viett\u00e4\u00e4 jonkun aikaa sapattia ja keksi\u00e4 jotain uutta.<\/p>\n\n\n\n<figure class=\"wp-block-image size-full is-style-default\"><img decoding=\"async\" loading=\"lazy\" width=\"850\" height=\"600\" src=\"https:\/\/www.brilho.fi\/wp-content\/uploads\/2020\/06\/00EddyOliver-1.jpg\" alt=\"\" class=\"wp-image-155\" srcset=\"https:\/\/www.brilho.fi\/wp-content\/uploads\/2020\/06\/00EddyOliver-1.jpg 850w, https:\/\/www.brilho.fi\/wp-content\/uploads\/2020\/06\/00EddyOliver-1-300x212.jpg 300w, https:\/\/www.brilho.fi\/wp-content\/uploads\/2020\/06\/00EddyOliver-1-768x542.jpg 768w\" sizes=\"(max-width: 850px) 100vw, 850px\" \/><\/figure>\n\n\n\n<p>Pienen huilin j\u00e4lkeen oli kuitenkin tarkoitus palata tapahtumateknisten palveluiden tarjoajaksi, mutta kun samaan aikaan kev\u00e4\u00e4ll\u00e4 2017 lentopallon miesten ykk\u00f6ssarjassa pelannut Akaa-Volley nousi Mestaruusliigaan, p\u00e4\u00e4tin l\u00e4hte\u00e4 auttamaan seuraa yhteisty\u00f6kumppanihankinnassa. Parin kuukauden talkoilun j\u00e4lkeen tarjosin uuden yritykseni Brilho Oy:n kautta Akaa-Volleylle toiminnanjohtajan teht\u00e4vien hoitoa palveluna. Viihdebisneksess\u00e4 pysyttiin, mutta siirryttiin taas enemm\u00e4n urheiluviihteen puolelle.<\/p>\n\n\n\n<p>Brilho on portugalia ja tarkoittaa loistetta, loistoa, valoa yms. Sit\u00e4 piti alun perin Brilhon kautta tarjota tapahtumatekniikan v\u00e4lityksell\u00e4 tapahtumaj\u00e4rjest\u00e4jille ja heid\u00e4n yleis\u00f6lleen, mutta urheilumarkkinointi ja sponsorointi veiv\u00e4t menness\u00e4\u00e4n. Nyt tarjoamme t\u00e4t\u00e4 loistetta ja loistoa urheilutapahtumien kautta sponsoreille ja tapahtumien yleis\u00f6lle.<\/p>\n\n\n\n<figure class=\"wp-block-image size-full is-style-default\"><img decoding=\"async\" loading=\"lazy\" width=\"850\" height=\"600\" src=\"https:\/\/www.brilho.fi\/wp-content\/uploads\/2020\/06\/00BanksMK.jpg\" alt=\"\" class=\"wp-image-156\" srcset=\"https:\/\/www.brilho.fi\/wp-content\/uploads\/2020\/06\/00BanksMK.jpg 850w, https:\/\/www.brilho.fi\/wp-content\/uploads\/2020\/06\/00BanksMK-300x212.jpg 300w, https:\/\/www.brilho.fi\/wp-content\/uploads\/2020\/06\/00BanksMK-768x542.jpg 768w\" sizes=\"(max-width: 850px) 100vw, 850px\" \/><\/figure>\n\n\n\n<p>Olen opiskellut t\u00f6iden ohessa Urheilumanageroinnin perusopinnot Vierum\u00e4en Urheiluopistolla vuonna 2018 ja nyt olen mukana Urheilun sponsoroinnin ja varainhankinnan korkeakouludiplomin opinnoissa Turun Ammattkorkeakoulussa.<\/p>\n\n\n\n<p>LED-screenit kuuluvat edelleen el\u00e4m\u00e4\u00e4ni, kun Brilho Oy vastaa my\u00f6s Akaa-Volleyn ulkomainosn\u00e4yt\u00f6n ja pelihallin screenien mainosajan myynnist\u00e4.<\/p>\n\n\n\n<p>Intohimona on nostaa urheilusponsoroinnin tasoa ja tehoa Suomessa. Urheilu her\u00e4tt\u00e4\u00e4 suuria tunteita, joita voidaan hy\u00f6dynt\u00e4\u00e4 tehokkaan ja mieleenpainuvan markkinoinnin toteuttamisessa. Sponsorointi on vahvaa yhteisty\u00f6t\u00e4 sponsorin ja sponsoroitavan kesken.<br>Brilho Oy on nyt sponsorointitoimisto, joka tarjoaa palveluita sek\u00e4 urheilijoille ett\u00e4 heid\u00e4n sponsoreilleen. Tiivis pitk\u00e4j\u00e4nteinen yhteisty\u00f6 vie kumppaneitamme ja alaa eteenp\u00e4in.<\/p>\n\n\n\n<p>Markku Kuoppa<br>yritt\u00e4j\u00e4, toimitusjohtaja, myyntimies, markkinoija, roudari, \u2026<\/p>\n\n\n\n<p><\/p>\n","protected":false},"excerpt":{"rendered":"<p>Oma historiani kaupallisten opintojen j\u00e4lkeen on sis\u00e4lt\u00e4nyt runsaasti t\u00f6it\u00e4 viihde- ja tapahtumabisneksen teht\u00e4viss\u00e4. Nuorena reilu parikymppisen\u00e4 olin intohimoinen tenniksen pelaaja ja kiersin useita vuosia kansallisia pikkukisoja ymp\u00e4ri Etel\u00e4-Suomen. Verkostot kasvoivat ja kun sain toisen pelimiehen kanssa mahdollisuuden ottaa mailapeleihin erikoistuneen yrityksen Suomen maahantuonti haltuun, niin tuli ensimm\u00e4isen kerran yhdistetty\u00e4 oma harrastus ja ty\u00f6t. Muutama vuosi tehtiin opintojen ohessa t\u00f6it\u00e4 ja opittiin bisnest\u00e4 ja el\u00e4m\u00e4\u00e4 laajemminkin. Myyty\u00e4ni osuuteni maahantuontifirmasta toimin muutaman vuoden sekalasissa myyntiteht\u00e4viss\u00e4 eri aloilla. Aktiivisen nuorkauppakamaritoiminnan kautta verkostot taas kasvoivat rutkasti. Oma ala l\u00f6ytyi j\u00e4lleen vapaa-ajanbisneksist\u00e4, nyt tapahtumatekniikan parista. [&hellip;]<\/p>\n","protected":false},"author":1,"featured_media":0,"parent":0,"menu_order":0,"comment_status":"closed","ping_status":"closed","template":"","meta":[],"_links":{"self":[{"href":"https:\/\/www.brilho.fi\/index.php?rest_route=\/wp\/v2\/pages\/7"}],"collection":[{"href":"https:\/\/www.brilho.fi\/index.php?rest_route=\/wp\/v2\/pages"}],"about":[{"href":"https:\/\/www.brilho.fi\/index.php?rest_route=\/wp\/v2\/types\/page"}],"author":[{"embeddable":true,"href":"https:\/\/www.brilho.fi\/index.php?rest_route=\/wp\/v2\/users\/1"}],"replies":[{"embeddable":true,"href":"https:\/\/www.brilho.fi\/index.php?rest_route=%2Fwp%2Fv2%2Fcomments&post=7"}],"version-history":[{"count":8,"href":"https:\/\/www.brilho.fi\/index.php?rest_route=\/wp\/v2\/pages\/7\/revisions"}],"predecessor-version":[{"id":157,"href":"https:\/\/www.brilho.fi\/index.php?rest_route=\/wp\/v2\/pages\/7\/revisions\/157"}],"wp:attachment":[{"href":"https:\/\/www.brilho.fi\/index.php?rest_route=%2Fwp%2Fv2%2Fmedia&parent=7"}],"curies":[{"name":"wp","href":"https:\/\/api.w.org\/{rel}","templated":true}]}}