{"id":295,"date":"2021-04-30T12:40:41","date_gmt":"2021-04-30T09:40:41","guid":{"rendered":"https:\/\/www.brilho.fi\/?page_id=295"},"modified":"2021-05-27T16:34:33","modified_gmt":"2021-05-27T13:34:33","slug":"palvelut-urheilijoille","status":"publish","type":"page","link":"https:\/\/www.brilho.fi\/?page_id=295","title":{"rendered":"Palvelut urheilijoille"},"content":{"rendered":"\n<figure class=\"wp-block-image size-large\"><img decoding=\"async\" loading=\"lazy\" width=\"850\" height=\"600\" src=\"https:\/\/www.brilho.fi\/wp-content\/uploads\/2020\/06\/00Kuusikko.jpg\" alt=\"\" class=\"wp-image-142\" srcset=\"https:\/\/www.brilho.fi\/wp-content\/uploads\/2020\/06\/00Kuusikko.jpg 850w, https:\/\/www.brilho.fi\/wp-content\/uploads\/2020\/06\/00Kuusikko-300x212.jpg 300w, https:\/\/www.brilho.fi\/wp-content\/uploads\/2020\/06\/00Kuusikko-768x542.jpg 768w\" sizes=\"(max-width: 850px) 100vw, 850px\" \/><\/figure>\n\n\n\n<p>Mit\u00e4 meill\u00e4 on tarjota sponsorille? Mink\u00e4 yrityksen kanssa arvomme ja toimintamme ns. m\u00e4ts\u00e4\u00e4 yhteen? Miten ehdimme hoitaa lupaamamme asiat, kun pit\u00e4\u00e4 treenata ja keskitty\u00e4 p\u00e4\u00e4asiaan eli urheiluun? Miten pystymme parhaiten auttamaan sponsoriamme p\u00e4\u00e4sem\u00e4\u00e4n omiin tavoitteisiinsa?<\/p>\n\n\n\n<p>Riitt\u00e4\u00e4k\u00f6 oma aika hankkia tarvittavat sponsorit vai tekeek\u00f6 sponsorihankintaa joku tuttu talkoilla silloin kun ehtii? Paljonko kehtaan pyyt\u00e4\u00e4 sponsorilta rahaa? Tuon yrityksen haluaisin sponsoriksemme, mutta keneen otan yhteytt\u00e4, jotta asia etenee nopeasti ja suotuisasti?<br><br>Paljon kysymyksi\u00e4. Varsinkaan huipulle t\u00e4hd\u00e4tt\u00e4ess\u00e4 tai jo siell\u00e4 ollessa ei sponsorointiasioitakaan ehk\u00e4 kannattaisi hoitaa harrastelijapohjalta. Ensivaikutelma on t\u00e4rke\u00e4 ja ilman suunnitelmaa asiat eiv\u00e4t useastikaan etene.<\/p>\n\n\n\n<p>Brilho auttaa n\u00e4iss\u00e4 asioissa. Sopimuksiin saadaan enemm\u00e4n laadukasta sis\u00e4lt\u00f6\u00e4 ja niist\u00e4 tulee pitempiaikaisia. Ja urheilija saa keskitty\u00e4 p\u00e4\u00e4osin urheilemiseen.<\/p>\n","protected":false},"excerpt":{"rendered":"<p>Mit\u00e4 meill\u00e4 on tarjota sponsorille? Mink\u00e4 yrityksen kanssa arvomme ja toimintamme ns. m\u00e4ts\u00e4\u00e4 yhteen? Miten ehdimme hoitaa lupaamamme asiat, kun pit\u00e4\u00e4 treenata ja keskitty\u00e4 p\u00e4\u00e4asiaan eli urheiluun? Miten pystymme parhaiten auttamaan sponsoriamme p\u00e4\u00e4sem\u00e4\u00e4n omiin tavoitteisiinsa? Riitt\u00e4\u00e4k\u00f6 oma aika hankkia tarvittavat sponsorit vai tekeek\u00f6 sponsorihankintaa joku tuttu talkoilla silloin kun ehtii? Paljonko kehtaan pyyt\u00e4\u00e4 sponsorilta rahaa? Tuon yrityksen haluaisin sponsoriksemme, mutta keneen otan yhteytt\u00e4, jotta asia etenee nopeasti ja suotuisasti? Paljon kysymyksi\u00e4. Varsinkaan huipulle t\u00e4hd\u00e4tt\u00e4ess\u00e4 tai jo siell\u00e4 ollessa ei sponsorointiasioitakaan ehk\u00e4 kannattaisi hoitaa harrastelijapohjalta. Ensivaikutelma on t\u00e4rke\u00e4 ja ilman suunnitelmaa [&hellip;]<\/p>\n","protected":false},"author":1,"featured_media":0,"parent":0,"menu_order":0,"comment_status":"closed","ping_status":"closed","template":"","meta":[],"_links":{"self":[{"href":"https:\/\/www.brilho.fi\/index.php?rest_route=\/wp\/v2\/pages\/295"}],"collection":[{"href":"https:\/\/www.brilho.fi\/index.php?rest_route=\/wp\/v2\/pages"}],"about":[{"href":"https:\/\/www.brilho.fi\/index.php?rest_route=\/wp\/v2\/types\/page"}],"author":[{"embeddable":true,"href":"https:\/\/www.brilho.fi\/index.php?rest_route=\/wp\/v2\/users\/1"}],"replies":[{"embeddable":true,"href":"https:\/\/www.brilho.fi\/index.php?rest_route=%2Fwp%2Fv2%2Fcomments&post=295"}],"version-history":[{"count":3,"href":"https:\/\/www.brilho.fi\/index.php?rest_route=\/wp\/v2\/pages\/295\/revisions"}],"predecessor-version":[{"id":318,"href":"https:\/\/www.brilho.fi\/index.php?rest_route=\/wp\/v2\/pages\/295\/revisions\/318"}],"wp:attachment":[{"href":"https:\/\/www.brilho.fi\/index.php?rest_route=%2Fwp%2Fv2%2Fmedia&parent=295"}],"curies":[{"name":"wp","href":"https:\/\/api.w.org\/{rel}","templated":true}]}}