{"id":293,"date":"2021-04-30T12:37:33","date_gmt":"2021-04-30T09:37:33","guid":{"rendered":"https:\/\/www.brilho.fi\/?page_id=293"},"modified":"2021-04-30T12:37:33","modified_gmt":"2021-04-30T09:37:33","slug":"urheilumarkkinointi","status":"publish","type":"page","link":"https:\/\/www.brilho.fi\/?page_id=293","title":{"rendered":"Urheilumarkkinointi"},"content":{"rendered":"\n<figure class=\"wp-block-image size-large\"><img decoding=\"async\" loading=\"lazy\" width=\"1024\" height=\"523\" src=\"https:\/\/www.brilho.fi\/wp-content\/uploads\/2020\/05\/MakeBlog-1024x523.jpg\" alt=\"\" class=\"wp-image-138\" srcset=\"https:\/\/www.brilho.fi\/wp-content\/uploads\/2020\/05\/MakeBlog-1024x523.jpg 1024w, https:\/\/www.brilho.fi\/wp-content\/uploads\/2020\/05\/MakeBlog-300x153.jpg 300w, https:\/\/www.brilho.fi\/wp-content\/uploads\/2020\/05\/MakeBlog-768x392.jpg 768w, https:\/\/www.brilho.fi\/wp-content\/uploads\/2020\/05\/MakeBlog.jpg 1276w\" sizes=\"(max-width: 1024px) 100vw, 1024px\" \/><\/figure>\n\n\n\n<p>Sivulle tulossa uutta sis\u00e4lt\u00f6\u00e4&#8230;<\/p>\n","protected":false},"excerpt":{"rendered":"<p>Sivulle tulossa uutta sis\u00e4lt\u00f6\u00e4&#8230;<\/p>\n","protected":false},"author":1,"featured_media":0,"parent":0,"menu_order":0,"comment_status":"closed","ping_status":"closed","template":"","meta":[],"_links":{"self":[{"href":"https:\/\/www.brilho.fi\/index.php?rest_route=\/wp\/v2\/pages\/293"}],"collection":[{"href":"https:\/\/www.brilho.fi\/index.php?rest_route=\/wp\/v2\/pages"}],"about":[{"href":"https:\/\/www.brilho.fi\/index.php?rest_route=\/wp\/v2\/types\/page"}],"author":[{"embeddable":true,"href":"https:\/\/www.brilho.fi\/index.php?rest_route=\/wp\/v2\/users\/1"}],"replies":[{"embeddable":true,"href":"https:\/\/www.brilho.fi\/index.php?rest_route=%2Fwp%2Fv2%2Fcomments&post=293"}],"version-history":[{"count":1,"href":"https:\/\/www.brilho.fi\/index.php?rest_route=\/wp\/v2\/pages\/293\/revisions"}],"predecessor-version":[{"id":294,"href":"https:\/\/www.brilho.fi\/index.php?rest_route=\/wp\/v2\/pages\/293\/revisions\/294"}],"wp:attachment":[{"href":"https:\/\/www.brilho.fi\/index.php?rest_route=%2Fwp%2Fv2%2Fmedia&parent=293"}],"curies":[{"name":"wp","href":"https:\/\/api.w.org\/{rel}","templated":true}]}}